{"id":32,"date":"2024-05-08T16:30:04","date_gmt":"2024-05-08T16:30:04","guid":{"rendered":"https:\/\/beta.xagent.hr\/?page_id=32"},"modified":"2025-12-23T21:11:02","modified_gmt":"2025-12-23T21:11:02","slug":"nasa-rjesenja","status":"publish","type":"page","link":"https:\/\/beta.xagent.hr\/en\/nasa-rjesenja\/","title":{"rendered":"Na\u0161a rje\u0161enja"},"content":{"rendered":"<div data-elementor-type=\"wp-page\" data-elementor-id=\"32\" class=\"elementor elementor-32\">\n\t\t\t\t<div class=\"elementor-element elementor-element-9b0871c e-flex e-con-boxed e-con e-parent\" data-id=\"9b0871c\" data-element_type=\"container\" data-e-type=\"container\" data-settings=\"{&quot;background_background&quot;:&quot;classic&quot;}\">\n\t\t\t\t\t<div class=\"e-con-inner\">\n\t\t\t\t<div class=\"elementor-element elementor-element-aefb8b2 elementor-widget__width-initial elementor-widget elementor-widget-heading\" data-id=\"aefb8b2\" data-element_type=\"widget\" data-e-type=\"widget\" data-widget_type=\"heading.default\">\n\t\t\t\t<div class=\"elementor-widget-container\">\n\t\t\t\t\t<h1 class=\"elementor-heading-title elementor-size-default\">Na\u0161a rje\u0161enja<\/h1>\t\t\t\t<\/div>\n\t\t\t\t<\/div>\n\t\t\t\t<div class=\"elementor-element elementor-element-b47e330 elementor-widget__width-initial elementor-widget elementor-widget-text-editor\" data-id=\"b47e330\" data-element_type=\"widget\" data-e-type=\"widget\" data-widget_type=\"text-editor.default\">\n\t\t\t\t<div class=\"elementor-widget-container\">\n\t\t\t\t\t\t\t\t\t<p><span style=\"font-weight: 400;\">Uz na\u0161u pomo\u0107, organizacije dobivaju br\u017ee procese, manje gre\u0161aka i bolju dostupnost dokumenata. <\/span><\/p>\t\t\t\t\t\t\t\t<\/div>\n\t\t\t\t<\/div>\n\t\t\t\t\t<\/div>\n\t\t\t\t<\/div>\n\t\t<div class=\"elementor-element elementor-element-54537db e-grid e-con-boxed e-con e-parent\" data-id=\"54537db\" data-element_type=\"container\" data-e-type=\"container\" data-settings=\"{&quot;background_background&quot;:&quot;classic&quot;}\">\n\t\t\t\t\t<div class=\"e-con-inner\">\n\t\t\t\t<div class=\"elementor-element elementor-element-b4d2bd2 elementor-widget elementor-widget-image\" data-id=\"b4d2bd2\" data-element_type=\"widget\" data-e-type=\"widget\" data-widget_type=\"image.default\">\n\t\t\t\t<div class=\"elementor-widget-container\">\n\t\t\t\t\t\t\t\t\t\t\t\t\t\t\t<img fetchpriority=\"high\" decoding=\"async\" width=\"600\" height=\"540\" src=\"https:\/\/beta.xagent.hr\/wp-content\/uploads\/2025\/06\/ispis.png\" class=\"attachment-large size-large wp-image-3410\" alt=\"\" srcset=\"https:\/\/beta.xagent.hr\/wp-content\/uploads\/2025\/06\/ispis.png 600w, https:\/\/beta.xagent.hr\/wp-content\/uploads\/2025\/06\/ispis-300x270.png 300w, https:\/\/beta.xagent.hr\/wp-content\/uploads\/2025\/06\/ispis-13x12.png 13w\" sizes=\"(max-width: 600px) 100vw, 600px\" \/>\t\t\t\t\t\t\t\t\t\t\t\t\t\t\t<\/div>\n\t\t\t\t<\/div>\n\t\t<div class=\"elementor-element elementor-element-5042e6c e-con-full e-flex e-con e-child\" data-id=\"5042e6c\" data-element_type=\"container\" data-e-type=\"container\">\n\t\t\t\t<div class=\"elementor-element elementor-element-323c9fc elementor-widget elementor-widget-heading\" data-id=\"323c9fc\" data-element_type=\"widget\" data-e-type=\"widget\" data-widget_type=\"heading.default\">\n\t\t\t\t<div class=\"elementor-widget-container\">\n\t\t\t\t\t<h2 class=\"elementor-heading-title elementor-size-default\"><b>Rje\u0161enja za digitalni ispis dokumenata<\/b><\/h2>\t\t\t\t<\/div>\n\t\t\t\t<\/div>\n\t\t\t\t<div class=\"elementor-element elementor-element-06b9c4c elementor-widget elementor-widget-text-editor\" data-id=\"06b9c4c\" data-element_type=\"widget\" data-e-type=\"widget\" data-widget_type=\"text-editor.default\">\n\t\t\t\t<div class=\"elementor-widget-container\">\n\t\t\t\t\t\t\t\t\t<p class=\"p1\"><span style=\"font-weight: 400;\">Pojednostavite ispis i po\u0161tanske procese u svojoj organizaciji.<\/span><span style=\"font-weight: 400;\"><br \/><\/span><span style=\"font-weight: 400;\">Na\u0161i listovni i produkcijski pisa\u010di omogu\u0107uju komercijalni ispis, transakcijske dokumente, direktnu po\u0161tu i pakiranje.<\/span><\/p>\t\t\t\t\t\t\t\t<\/div>\n\t\t\t\t<\/div>\n\t\t\t\t<div class=\"elementor-element elementor-element-a6932f2 elementor-mobile-align-center elementor-widget elementor-widget-button\" data-id=\"a6932f2\" data-element_type=\"widget\" data-e-type=\"widget\" data-widget_type=\"button.default\">\n\t\t\t\t<div class=\"elementor-widget-container\">\n\t\t\t\t\t\t\t\t\t<div class=\"elementor-button-wrapper\">\n\t\t\t\t\t<a class=\"elementor-button elementor-button-link elementor-size-sm\" href=\"https:\/\/beta.xagent.hr\/en\/rjesenja-za-digitalni-ispis-dokumenata\/\">\n\t\t\t\t\t\t<span class=\"elementor-button-content-wrapper\">\n\t\t\t\t\t\t\t\t\t<span class=\"elementor-button-text\">Saznaj vi\u0161e<\/span>\n\t\t\t\t\t<\/span>\n\t\t\t\t\t<\/a>\n\t\t\t\t<\/div>\n\t\t\t\t\t\t\t\t<\/div>\n\t\t\t\t<\/div>\n\t\t\t\t<\/div>\n\t\t\t\t\t<\/div>\n\t\t\t\t<\/div>\n\t\t<div class=\"elementor-element elementor-element-78c729a e-grid e-con-boxed e-con e-parent\" data-id=\"78c729a\" data-element_type=\"container\" data-e-type=\"container\">\n\t\t\t\t\t<div class=\"e-con-inner\">\n\t\t<div class=\"elementor-element elementor-element-1a756ad e-con-full e-flex e-con e-child\" data-id=\"1a756ad\" data-element_type=\"container\" data-e-type=\"container\">\n\t\t\t\t<div class=\"elementor-element elementor-element-01b1b82 elementor-widget elementor-widget-heading\" data-id=\"01b1b82\" data-element_type=\"widget\" data-e-type=\"widget\" data-widget_type=\"heading.default\">\n\t\t\t\t<div class=\"elementor-widget-container\">\n\t\t\t\t\t<h2 class=\"elementor-heading-title elementor-size-default\"><b>Rje\u0161enja za kuvertiranje po\u0161te<\/b><\/h2>\t\t\t\t<\/div>\n\t\t\t\t<\/div>\n\t\t\t\t<div class=\"elementor-element elementor-element-6294ccf elementor-widget elementor-widget-text-editor\" data-id=\"6294ccf\" data-element_type=\"widget\" data-e-type=\"widget\" data-widget_type=\"text-editor.default\">\n\t\t\t\t<div class=\"elementor-widget-container\">\n\t\t\t\t\t\t\t\t\t<p><span style=\"font-weight: 400;\">Ubrzajte i precizirajte umetanje po\u0161te bez dodatnog napora.<\/span><span style=\"font-weight: 400;\"><br \/><\/span><span style=\"font-weight: 400;\">Na\u0161i sustavi kombiniraju brzinu, fleksibilnost i to\u010dnost, pru\u017eaju\u0107i pouzdanu automatizaciju \u010dak i za slo\u017eene po\u0161tanske aplikacije.<\/span><\/p>\t\t\t\t\t\t\t\t<\/div>\n\t\t\t\t<\/div>\n\t\t\t\t<div class=\"elementor-element elementor-element-2b7e2e9 elementor-mobile-align-center elementor-widget elementor-widget-button\" data-id=\"2b7e2e9\" data-element_type=\"widget\" data-e-type=\"widget\" data-widget_type=\"button.default\">\n\t\t\t\t<div class=\"elementor-widget-container\">\n\t\t\t\t\t\t\t\t\t<div class=\"elementor-button-wrapper\">\n\t\t\t\t\t<a class=\"elementor-button elementor-button-link elementor-size-sm\" href=\"https:\/\/beta.xagent.hr\/en\/rjesenja-za-kuvertiranje-poste\/\">\n\t\t\t\t\t\t<span class=\"elementor-button-content-wrapper\">\n\t\t\t\t\t\t\t\t\t<span class=\"elementor-button-text\">Saznaj vi\u0161e<\/span>\n\t\t\t\t\t<\/span>\n\t\t\t\t\t<\/a>\n\t\t\t\t<\/div>\n\t\t\t\t\t\t\t\t<\/div>\n\t\t\t\t<\/div>\n\t\t\t\t<\/div>\n\t\t\t\t<div class=\"elementor-element elementor-element-0864edb elementor-widget elementor-widget-image\" data-id=\"0864edb\" data-element_type=\"widget\" data-e-type=\"widget\" data-widget_type=\"image.default\">\n\t\t\t\t<div class=\"elementor-widget-container\">\n\t\t\t\t\t\t\t\t\t\t\t\t\t\t\t<img decoding=\"async\" src=\"https:\/\/beta.xagent.hr\/wp-content\/uploads\/2025\/06\/kuvertiranje.png\" title=\"\" alt=\"\" loading=\"lazy\" \/>\t\t\t\t\t\t\t\t\t\t\t\t\t\t\t<\/div>\n\t\t\t\t<\/div>\n\t\t\t\t\t<\/div>\n\t\t\t\t<\/div>\n\t\t<div class=\"elementor-element elementor-element-990c57e e-grid e-con-boxed e-con e-parent\" data-id=\"990c57e\" data-element_type=\"container\" data-e-type=\"container\" data-settings=\"{&quot;background_background&quot;:&quot;classic&quot;}\">\n\t\t\t\t\t<div class=\"e-con-inner\">\n\t\t\t\t<div class=\"elementor-element elementor-element-2fea0f7 elementor-widget elementor-widget-image\" data-id=\"2fea0f7\" data-element_type=\"widget\" data-e-type=\"widget\" data-widget_type=\"image.default\">\n\t\t\t\t<div class=\"elementor-widget-container\">\n\t\t\t\t\t\t\t\t\t\t\t\t\t\t\t<img decoding=\"async\" width=\"600\" height=\"540\" src=\"https:\/\/beta.xagent.hr\/wp-content\/uploads\/2025\/06\/sortiranje.png\" class=\"attachment-large size-large wp-image-3412\" alt=\"\" srcset=\"https:\/\/beta.xagent.hr\/wp-content\/uploads\/2025\/06\/sortiranje.png 600w, https:\/\/beta.xagent.hr\/wp-content\/uploads\/2025\/06\/sortiranje-300x270.png 300w, https:\/\/beta.xagent.hr\/wp-content\/uploads\/2025\/06\/sortiranje-13x12.png 13w\" sizes=\"(max-width: 600px) 100vw, 600px\" \/>\t\t\t\t\t\t\t\t\t\t\t\t\t\t\t<\/div>\n\t\t\t\t<\/div>\n\t\t<div class=\"elementor-element elementor-element-c6327ae e-con-full e-flex e-con e-child\" data-id=\"c6327ae\" data-element_type=\"container\" data-e-type=\"container\">\n\t\t\t\t<div class=\"elementor-element elementor-element-1d47c3e elementor-widget elementor-widget-heading\" data-id=\"1d47c3e\" data-element_type=\"widget\" data-e-type=\"widget\" data-widget_type=\"heading.default\">\n\t\t\t\t<div class=\"elementor-widget-container\">\n\t\t\t\t\t<h2 class=\"elementor-heading-title elementor-size-default\"><b>Rje\u0161enja za sortiranje po\u0161te i paketa<\/b><\/h2>\t\t\t\t<\/div>\n\t\t\t\t<\/div>\n\t\t\t\t<div class=\"elementor-element elementor-element-cb92ba2 elementor-widget elementor-widget-text-editor\" data-id=\"cb92ba2\" data-element_type=\"widget\" data-e-type=\"widget\" data-widget_type=\"text-editor.default\">\n\t\t\t\t<div class=\"elementor-widget-container\">\n\t\t\t\t\t\t\t\t\t<p><span style=\"font-weight: 400;\">Olak\u0161ajte sortiranje po\u0161te i paketa u svojoj tvrtki.<\/span><span style=\"font-weight: 400;\"><br \/><\/span><span style=\"font-weight: 400;\">Modularni sustavi i napredni softver povezuju razli\u010ditu opremu u jedinstveni sustav, uz na\u0161u kompletnu podr\u0161ku za dizajn, instalaciju i servis.<\/span><\/p>\t\t\t\t\t\t\t\t<\/div>\n\t\t\t\t<\/div>\n\t\t\t\t<div class=\"elementor-element elementor-element-3032cdc elementor-mobile-align-center elementor-widget elementor-widget-button\" data-id=\"3032cdc\" data-element_type=\"widget\" data-e-type=\"widget\" data-widget_type=\"button.default\">\n\t\t\t\t<div class=\"elementor-widget-container\">\n\t\t\t\t\t\t\t\t\t<div class=\"elementor-button-wrapper\">\n\t\t\t\t\t<a class=\"elementor-button elementor-button-link elementor-size-sm\" href=\"https:\/\/beta.xagent.hr\/en\/rjesenja-za-sortiranje-poste-i-paketa\/\">\n\t\t\t\t\t\t<span class=\"elementor-button-content-wrapper\">\n\t\t\t\t\t\t\t\t\t<span class=\"elementor-button-text\">Saznaj vi\u0161e<\/span>\n\t\t\t\t\t<\/span>\n\t\t\t\t\t<\/a>\n\t\t\t\t<\/div>\n\t\t\t\t\t\t\t\t<\/div>\n\t\t\t\t<\/div>\n\t\t\t\t<\/div>\n\t\t\t\t\t<\/div>\n\t\t\t\t<\/div>\n\t\t<div class=\"elementor-element elementor-element-c66d866 e-grid e-con-boxed e-con e-parent\" data-id=\"c66d866\" data-element_type=\"container\" data-e-type=\"container\">\n\t\t\t\t\t<div class=\"e-con-inner\">\n\t\t<div class=\"elementor-element elementor-element-aa3f245 e-con-full e-flex e-con e-child\" data-id=\"aa3f245\" data-element_type=\"container\" data-e-type=\"container\">\n\t\t\t\t<div class=\"elementor-element elementor-element-105bdef elementor-widget elementor-widget-heading\" data-id=\"105bdef\" data-element_type=\"widget\" data-e-type=\"widget\" data-widget_type=\"heading.default\">\n\t\t\t\t<div class=\"elementor-widget-container\">\n\t\t\t\t\t<h2 class=\"elementor-heading-title elementor-size-default\"><b>Digitalna dokumetacija i arhiva<\/b><\/h2>\t\t\t\t<\/div>\n\t\t\t\t<\/div>\n\t\t\t\t<div class=\"elementor-element elementor-element-2b12692 elementor-widget elementor-widget-text-editor\" data-id=\"2b12692\" data-element_type=\"widget\" data-e-type=\"widget\" data-widget_type=\"text-editor.default\">\n\t\t\t\t<div class=\"elementor-widget-container\">\n\t\t\t\t\t\t\t\t\t<p><span style=\"font-weight: 400;\">Centralizirajte upravljanje dokumentima i arhivskom gra\u0111om u digitalnom obliku.<\/span><\/p><p><span style=\"font-weight: 400;\">Sustav pove\u0107ava u\u010dinkovitost, smanjuje potrebu za fizi\u010dkim prostorom i osigurava uskla\u0111enost s regulatornim zahtjevima.<\/span><\/p>\t\t\t\t\t\t\t\t<\/div>\n\t\t\t\t<\/div>\n\t\t\t\t<div class=\"elementor-element elementor-element-348a7e1 elementor-mobile-align-center elementor-widget elementor-widget-button\" data-id=\"348a7e1\" data-element_type=\"widget\" data-e-type=\"widget\" data-widget_type=\"button.default\">\n\t\t\t\t<div class=\"elementor-widget-container\">\n\t\t\t\t\t\t\t\t\t<div class=\"elementor-button-wrapper\">\n\t\t\t\t\t<a class=\"elementor-button elementor-button-link elementor-size-sm\" href=\"https:\/\/beta.xagent.hr\/en\/digitalna-dokumetacija-i-arhiva\/\">\n\t\t\t\t\t\t<span class=\"elementor-button-content-wrapper\">\n\t\t\t\t\t\t\t\t\t<span class=\"elementor-button-text\">Saznaj vi\u0161e<\/span>\n\t\t\t\t\t<\/span>\n\t\t\t\t\t<\/a>\n\t\t\t\t<\/div>\n\t\t\t\t\t\t\t\t<\/div>\n\t\t\t\t<\/div>\n\t\t\t\t<\/div>\n\t\t\t\t<div class=\"elementor-element elementor-element-676972f elementor-widget elementor-widget-image\" data-id=\"676972f\" data-element_type=\"widget\" data-e-type=\"widget\" data-widget_type=\"image.default\">\n\t\t\t\t<div class=\"elementor-widget-container\">\n\t\t\t\t\t\t\t\t\t\t\t\t\t\t\t<img decoding=\"async\" width=\"600\" height=\"540\" src=\"https:\/\/beta.xagent.hr\/wp-content\/uploads\/2025\/06\/arhiva.png\" class=\"attachment-large size-large wp-image-3409\" alt=\"\" srcset=\"https:\/\/beta.xagent.hr\/wp-content\/uploads\/2025\/06\/arhiva.png 600w, https:\/\/beta.xagent.hr\/wp-content\/uploads\/2025\/06\/arhiva-300x270.png 300w, https:\/\/beta.xagent.hr\/wp-content\/uploads\/2025\/06\/arhiva-13x12.png 13w\" sizes=\"(max-width: 600px) 100vw, 600px\" \/>\t\t\t\t\t\t\t\t\t\t\t\t\t\t\t<\/div>\n\t\t\t\t<\/div>\n\t\t\t\t\t<\/div>\n\t\t\t\t<\/div>\n\t\t<div class=\"elementor-element elementor-element-58b936b e-flex e-con-boxed e-con e-parent\" data-id=\"58b936b\" data-element_type=\"container\" data-e-type=\"container\" data-settings=\"{&quot;background_background&quot;:&quot;classic&quot;}\">\n\t\t\t\t\t<div class=\"e-con-inner\">\n\t\t<div class=\"elementor-element elementor-element-031caed e-con-full e-flex e-con e-child\" data-id=\"031caed\" data-element_type=\"container\" data-e-type=\"container\">\n\t\t<div class=\"elementor-element elementor-element-f9bd094 e-con-full e-flex e-con e-child\" data-id=\"f9bd094\" data-element_type=\"container\" data-e-type=\"container\">\n\t\t\t\t<div class=\"elementor-element elementor-element-bc91208 elementor-widget elementor-widget-heading\" data-id=\"bc91208\" data-element_type=\"widget\" data-e-type=\"widget\" data-widget_type=\"heading.default\">\n\t\t\t\t<div class=\"elementor-widget-container\">\n\t\t\t\t\t<h2 class=\"elementor-heading-title elementor-size-default\">Niste sigurni koje rje\u0161enje je pravi izbor za va\u0161e poslovanje?<\/h2>\t\t\t\t<\/div>\n\t\t\t\t<\/div>\n\t\t\t\t<\/div>\n\t\t<div class=\"elementor-element elementor-element-9853b5b e-con-full e-flex e-con e-child\" data-id=\"9853b5b\" data-element_type=\"container\" data-e-type=\"container\">\n\t\t\t\t<div class=\"elementor-element elementor-element-a07aa90 elementor-widget elementor-widget-text-editor\" data-id=\"a07aa90\" data-element_type=\"widget\" data-e-type=\"widget\" data-widget_type=\"text-editor.default\">\n\t\t\t\t<div class=\"elementor-widget-container\">\n\t\t\t\t\t\t\t\t\t<p class=\"p1\"><span style=\"font-weight: 400;\">Javite nam se i pomo\u0107i \u0107emo vam donijeti pravu odluku.<\/span><\/p>\t\t\t\t\t\t\t\t<\/div>\n\t\t\t\t<\/div>\n\t\t\t\t<div class=\"elementor-element elementor-element-5494a6d elementor-widget elementor-widget-button\" data-id=\"5494a6d\" data-element_type=\"widget\" data-e-type=\"widget\" data-widget_type=\"button.default\">\n\t\t\t\t<div class=\"elementor-widget-container\">\n\t\t\t\t\t\t\t\t\t<div class=\"elementor-button-wrapper\">\n\t\t\t\t\t<a class=\"elementor-button elementor-button-link elementor-size-sm\" href=\"#\">\n\t\t\t\t\t\t<span class=\"elementor-button-content-wrapper\">\n\t\t\t\t\t\t\t\t\t<span class=\"elementor-button-text\">Kontaktirajte nas<\/span>\n\t\t\t\t\t<\/span>\n\t\t\t\t\t<\/a>\n\t\t\t\t<\/div>\n\t\t\t\t\t\t\t\t<\/div>\n\t\t\t\t<\/div>\n\t\t\t\t<\/div>\n\t\t\t\t<\/div>\n\t\t\t\t\t<\/div>\n\t\t\t\t<\/div>\n\t\t\t\t<\/div>","protected":false},"excerpt":{"rendered":"<p>Na\u0161a rje\u0161enja Uz na\u0161u pomo\u0107, organizacije dobivaju br\u017ee procese, manje gre\u0161aka i bolju dostupnost dokumenata. Rje\u0161enja za digitalni ispis dokumenata Pojednostavite ispis i po\u0161tanske procese u svojoj organizaciji.Na\u0161i listovni i produkcijski pisa\u010di omogu\u0107uju komercijalni ispis, transakcijske dokumente, direktnu po\u0161tu i pakiranje. Saznaj vi\u0161e Rje\u0161enja za kuvertiranje po\u0161te Ubrzajte i precizirajte umetanje po\u0161te bez dodatnog napora.Na\u0161i [&hellip;]<\/p>\n","protected":false},"author":2,"featured_media":0,"parent":0,"menu_order":0,"comment_status":"closed","ping_status":"closed","template":"","meta":{"_uag_custom_page_level_css":"","site-sidebar-layout":"no-sidebar","site-content-layout":"page-builder","ast-site-content-layout":"full-width-container","site-content-style":"unboxed","site-sidebar-style":"unboxed","ast-global-header-display":"","ast-banner-title-visibility":"","ast-main-header-display":"","ast-hfb-above-header-display":"","ast-hfb-below-header-display":"","ast-hfb-mobile-header-display":"","site-post-title":"disabled","ast-breadcrumbs-content":"","ast-featured-img":"disabled","footer-sml-layout":"","ast-disable-related-posts":"","theme-transparent-header-meta":"","adv-header-id-meta":"","stick-header-meta":"","header-above-stick-meta":"","header-main-stick-meta":"","header-below-stick-meta":"","astra-migrate-meta-layouts":"set","ast-page-background-enabled":"default","ast-page-background-meta":{"desktop":{"background-color":"","background-image":"","background-repeat":"repeat","background-position":"center center","background-size":"auto","background-attachment":"scroll","background-type":"","background-media":"","overlay-type":"","overlay-color":"","overlay-opacity":"","overlay-gradient":""},"tablet":{"background-color":"","background-image":"","background-repeat":"repeat","background-position":"center center","background-size":"auto","background-attachment":"scroll","background-type":"","background-media":"","overlay-type":"","overlay-color":"","overlay-opacity":"","overlay-gradient":""},"mobile":{"background-color":"","background-image":"","background-repeat":"repeat","background-position":"center center","background-size":"auto","background-attachment":"scroll","background-type":"","background-media":"","overlay-type":"","overlay-color":"","overlay-opacity":"","overlay-gradient":""}},"ast-content-background-meta":{"desktop":{"background-color":"var(--ast-global-color-5)","background-image":"","background-repeat":"repeat","background-position":"center center","background-size":"auto","background-attachment":"scroll","background-type":"","background-media":"","overlay-type":"","overlay-color":"","overlay-opacity":"","overlay-gradient":""},"tablet":{"background-color":"var(--ast-global-color-5)","background-image":"","background-repeat":"repeat","background-position":"center center","background-size":"auto","background-attachment":"scroll","background-type":"","background-media":"","overlay-type":"","overlay-color":"","overlay-opacity":"","overlay-gradient":""},"mobile":{"background-color":"var(--ast-global-color-5)","background-image":"","background-repeat":"repeat","background-position":"center center","background-size":"auto","background-attachment":"scroll","background-type":"","background-media":"","overlay-type":"","overlay-color":"","overlay-opacity":"","overlay-gradient":""}},"footnotes":""},"class_list":["post-32","page","type-page","status-publish","hentry"],"uagb_featured_image_src":{"full":false,"thumbnail":false,"medium":false,"medium_large":false,"large":false,"1536x1536":false,"2048x2048":false,"trp-custom-language-flag":false},"uagb_author_info":{"display_name":"gvlatkovic","author_link":"https:\/\/beta.xagent.hr\/en\/author\/gvlatkovic\/"},"uagb_comment_info":0,"uagb_excerpt":"Na\u0161a rje\u0161enja Uz na\u0161u pomo\u0107, organizacije dobivaju br\u017ee procese, manje gre\u0161aka i bolju dostupnost dokumenata. Rje\u0161enja za digitalni ispis dokumenata Pojednostavite ispis i po\u0161tanske procese u svojoj organizaciji.Na\u0161i listovni i produkcijski pisa\u010di omogu\u0107uju komercijalni ispis, transakcijske dokumente, direktnu po\u0161tu i pakiranje. Saznaj vi\u0161e Rje\u0161enja za kuvertiranje po\u0161te Ubrzajte i precizirajte umetanje po\u0161te bez dodatnog napora.Na\u0161i&hellip;","_links":{"self":[{"href":"https:\/\/beta.xagent.hr\/en\/wp-json\/wp\/v2\/pages\/32","targetHints":{"allow":["GET"]}}],"collection":[{"href":"https:\/\/beta.xagent.hr\/en\/wp-json\/wp\/v2\/pages"}],"about":[{"href":"https:\/\/beta.xagent.hr\/en\/wp-json\/wp\/v2\/types\/page"}],"author":[{"embeddable":true,"href":"https:\/\/beta.xagent.hr\/en\/wp-json\/wp\/v2\/users\/2"}],"replies":[{"embeddable":true,"href":"https:\/\/beta.xagent.hr\/en\/wp-json\/wp\/v2\/comments?post=32"}],"version-history":[{"count":87,"href":"https:\/\/beta.xagent.hr\/en\/wp-json\/wp\/v2\/pages\/32\/revisions"}],"predecessor-version":[{"id":3969,"href":"https:\/\/beta.xagent.hr\/en\/wp-json\/wp\/v2\/pages\/32\/revisions\/3969"}],"wp:attachment":[{"href":"https:\/\/beta.xagent.hr\/en\/wp-json\/wp\/v2\/media?parent=32"}],"curies":[{"name":"wp","href":"https:\/\/api.w.org\/{rel}","templated":true}]}}